{"id":1618,"date":"2015-10-08T08:49:57","date_gmt":"2015-10-08T06:49:57","guid":{"rendered":"http:\/\/positive-records.de\/cms\/?page_id=1618"},"modified":"2026-03-28T20:51:48","modified_gmt":"2026-03-28T19:51:48","slug":"home-real","status":"publish","type":"page","link":"https:\/\/positive-records.de\/cms\/","title":{"rendered":"Home"},"content":{"rendered":"<section class=\"wpb-content-wrapper\"><p>[vc_row][vc_column]<div class=\"title-page \"><h4>Die n\u00e4chsten Konzerte<\/h4><\/div>[vc_empty_space height=&#8220;20px&#8220;][\/vc_column][\/vc_row][vc_row][vc_column width=&#8220;1\/4&#8243;][vc_column_text]<\/p>\n<h4>06.04.2026<br \/>\nTHE BROWNING<\/h4>\n<h4><span class=\"evcal_desc evo_info \" data-location_address=\"Siegburger Stra\u00dfe 110, 50679 K\u00f6ln\" data-location_type=\"address\" data-location_name=\"Essigfabrik K\u00f6ln\" data-location_status=\"true\"><span class=\"evcal_desc2 evcal_event_title\"><img loading=\"lazy\" decoding=\"async\" class=\"alignnone size-medium wp-image-6755\" src=\"https:\/\/positive-records.de\/cms\/wp-content\/uploads\/2026\/02\/the-browning-2026-NEU-sold-212x300.jpg\" alt=\"\" width=\"212\" height=\"300\" srcset=\"https:\/\/positive-records.de\/cms\/wp-content\/uploads\/2026\/02\/the-browning-2026-NEU-sold-212x300.jpg 212w, https:\/\/positive-records.de\/cms\/wp-content\/uploads\/2026\/02\/the-browning-2026-NEU-sold.jpg 595w\" sizes=\"auto, (max-width: 212px) 100vw, 212px\" \/>\u00a0<\/span><\/span><\/h4>\n<p>[\/vc_column_text][\/vc_column][vc_column width=&#8220;1\/4&#8243;][vc_column_text]<\/p>\n<h4>11.04.2026<br \/>\nNOVELISTS<\/h4>\n<p><img loading=\"lazy\" decoding=\"async\" class=\"size-medium wp-image-6620\" src=\"https:\/\/positive-records.de\/cms\/wp-content\/uploads\/2025\/10\/novelists-2026-212x300.jpg\" alt=\"\" width=\"212\" height=\"300\" srcset=\"https:\/\/positive-records.de\/cms\/wp-content\/uploads\/2025\/10\/novelists-2026-212x300.jpg 212w, https:\/\/positive-records.de\/cms\/wp-content\/uploads\/2025\/10\/novelists-2026.jpg 596w\" sizes=\"auto, (max-width: 212px) 100vw, 212px\" \/><\/p>\n<h4><span class=\"evcal_desc evo_info \" data-location_address=\"Siegburger Stra\u00dfe 110, 50679 K\u00f6ln\" data-location_type=\"address\" data-location_name=\"Essigfabrik K\u00f6ln\" data-location_status=\"true\"><span class=\"evcal_desc2 evcal_event_title\">\u00a0<\/span><\/span><\/h4>\n<p>[\/vc_column_text][\/vc_column][vc_column width=&#8220;1\/4&#8243;][vc_column_text]<\/p>\n<h4>14.04.2026<br \/>\nBROKENCYDE<\/h4>\n<h4><span class=\"evcal_desc evo_info \" data-location_address=\"Z\u00fclpicher Stra\u00dfe 10, 50674K\u00f6ln\" data-location_type=\"address\" data-location_name=\"MTC K\u00f6ln\" data-location_status=\"true\"><span class=\"evcal_desc2 evcal_event_title\"><img loading=\"lazy\" decoding=\"async\" class=\"alignnone size-medium wp-image-6712\" src=\"https:\/\/positive-records.de\/cms\/wp-content\/uploads\/2026\/01\/brokencyde-2026-212x300.jpg\" alt=\"\" width=\"212\" height=\"300\" srcset=\"https:\/\/positive-records.de\/cms\/wp-content\/uploads\/2026\/01\/brokencyde-2026-212x300.jpg 212w, https:\/\/positive-records.de\/cms\/wp-content\/uploads\/2026\/01\/brokencyde-2026.jpg 595w\" sizes=\"auto, (max-width: 212px) 100vw, 212px\" \/>\u00a0<\/span><\/span><\/h4>\n<p>[\/vc_column_text][\/vc_column][vc_column width=&#8220;1\/4&#8243;][vc_column_text]<\/p>\n<h4>09.05.2026<br \/>\nNEVER EASY<\/h4>\n<h4><img loading=\"lazy\" decoding=\"async\" class=\"alignnone size-medium wp-image-6686\" src=\"https:\/\/positive-records.de\/cms\/wp-content\/uploads\/2025\/12\/never-easy-2026-212x300.jpg\" alt=\"\" width=\"212\" height=\"300\" srcset=\"https:\/\/positive-records.de\/cms\/wp-content\/uploads\/2025\/12\/never-easy-2026-212x300.jpg 212w, https:\/\/positive-records.de\/cms\/wp-content\/uploads\/2025\/12\/never-easy-2026.jpg 595w\" sizes=\"auto, (max-width: 212px) 100vw, 212px\" \/><\/h4>\n<p>[\/vc_column_text][\/vc_column][vc_column][\/vc_column][\/vc_row][vc_row][vc_column][vc_empty_space height=&#8220;20px&#8220;]            <div class=\"\">\r\n                <div class=\"title-page title-about\">\r\n                    <h4>Aktuelles<\/h4>\r\n                                    <\/div>\r\n                <div class=\"row\">\r\n                                            <div class=\"col-md-4 col-sm-4 col-xs-12 sport-box\">\r\n                            <div class=\"img-sport img-blog\">\r\n                                \r\n                                        <a href=\"https:\/\/positive-records.de\/cms\/2026\/03\/31\/evergrey\/\"><img decoding=\"async\" src=\"https:\/\/positive-records.de\/cms\/wp-content\/uploads\/2026\/03\/evergrey-2026-homepage.jpg\"\r\n                                                                                     alt=\"\"><\/a>\r\n                                        <div class=\"icon-sport\">\r\n                                            <i class=\"fa fa-camera\"><\/i>\r\n                                        <\/div>\r\n\r\n\r\n                                                                    <\/div>\r\n\r\n                            <div class=\"sport-content\">\r\n                                <div class=\"title-sport\"><a\r\n                                        href=\"https:\/\/positive-records.de\/cms\/2026\/03\/31\/evergrey\/\">EVERGREY<\/a>\r\n                                <\/div>\r\n                                <p>Am 18.6.2026 spielen EVERGREY in der Sputnikhalle in M\u00fcnster<\/p>\r\n\r\n                                <div class=\"read-more\">\r\n                                    <a href=\"https:\/\/positive-records.de\/cms\/2026\/03\/31\/evergrey\/\"><i\r\n                                            class=\"fa fa-chevron-right\"><\/i> Read more<\/a>\r\n                                <\/div>\r\n                            <\/div>\r\n                        <\/div>\r\n                                                <div class=\"col-md-4 col-sm-4 col-xs-12 sport-box\">\r\n                            <div class=\"img-sport img-blog\">\r\n                                \r\n                                        <a href=\"https:\/\/positive-records.de\/cms\/2026\/03\/30\/signs-of-the-swarm\/\"><img decoding=\"async\" src=\"https:\/\/positive-records.de\/cms\/wp-content\/uploads\/2026\/03\/signs-of-the-swarm-2026-homepage.jpg\"\r\n                                                                                     alt=\"\"><\/a>\r\n                                        <div class=\"icon-sport\">\r\n                                            <i class=\"fa fa-camera\"><\/i>\r\n                                        <\/div>\r\n\r\n\r\n                                                                    <\/div>\r\n\r\n                            <div class=\"sport-content\">\r\n                                <div class=\"title-sport\"><a\r\n                                        href=\"https:\/\/positive-records.de\/cms\/2026\/03\/30\/signs-of-the-swarm\/\">SIGNS OF THE SWARM<\/a>\r\n                                <\/div>\r\n                                <p>Am 19.8.2026 spielen SIGNS OF THE SWARM zusammen mit EXTERMINATION DISMEMBERMENT und HEAVY\/\/HITTER in der Sputnikhalle in M\u00fcnster<\/p>\r\n\r\n                                <div class=\"read-more\">\r\n                                    <a href=\"https:\/\/positive-records.de\/cms\/2026\/03\/30\/signs-of-the-swarm\/\"><i\r\n                                            class=\"fa fa-chevron-right\"><\/i> Read more<\/a>\r\n                                <\/div>\r\n                            <\/div>\r\n                        <\/div>\r\n                                                <div class=\"col-md-4 col-sm-4 col-xs-12 sport-box\">\r\n                            <div class=\"img-sport img-blog\">\r\n                                \r\n                                        <a href=\"https:\/\/positive-records.de\/cms\/2026\/03\/31\/alpha-wolf\/\"><img decoding=\"async\" src=\"https:\/\/positive-records.de\/cms\/wp-content\/uploads\/2026\/03\/alpha-wolf-2026-homepage.jpg\"\r\n                                                                                     alt=\"\"><\/a>\r\n                                        <div class=\"icon-sport\">\r\n                                            <i class=\"fa fa-camera\"><\/i>\r\n                                        <\/div>\r\n\r\n\r\n                                                                    <\/div>\r\n\r\n                            <div class=\"sport-content\">\r\n                                <div class=\"title-sport\"><a\r\n                                        href=\"https:\/\/positive-records.de\/cms\/2026\/03\/31\/alpha-wolf\/\">ALPHA WOLF<\/a>\r\n                                <\/div>\r\n                                <p>Am 19.10.2026 spielen ALPHA WOLF zusammen mit PSYCHO FRAME, FOX LAKE und DIAMOND CONSTRUCT in der Essigfabrik in K\u00f6ln<\/p>\r\n\r\n                                <div class=\"read-more\">\r\n                                    <a href=\"https:\/\/positive-records.de\/cms\/2026\/03\/31\/alpha-wolf\/\"><i\r\n                                            class=\"fa fa-chevron-right\"><\/i> Read more<\/a>\r\n                                <\/div>\r\n                            <\/div>\r\n                        <\/div>\r\n                                        <\/div>\r\n            <\/div>\r\n            [\/vc_column][\/vc_row][vc_row][vc_column][\/vc_column][\/vc_row]<\/p>\n<\/section>","protected":false},"excerpt":{"rendered":"<p>[vc_row][vc_column][vc_empty_space height=&#8220;20px&#8220;][\/vc_column][\/vc_row][vc_row][vc_column width=&#8220;1\/4&#8243;][vc_column_text] 06.04.2026 THE BROWNING \u00a0 [\/vc_column_text][\/vc_column][vc_column width=&#8220;1\/4&#8243;][vc_column_text] 11.04.2026 NOVELISTS \u00a0 [\/vc_column_text][\/vc_column][vc_column width=&#8220;1\/4&#8243;][vc_column_text] 14.04.2026 BROKENCYDE \u00a0 [\/vc_column_text][\/vc_column][vc_column width=&#8220;1\/4&#8243;][vc_column_text] 09.05.2026 NEVER EASY [\/vc_column_text][\/vc_column][vc_column][\/vc_column][\/vc_row][vc_row][vc_column][vc_empty_space height=&#8220;20px&#8220;][\/vc_column][\/vc_row][vc_row][vc_column][\/vc_column][\/vc_row]<\/p>\n","protected":false},"author":2,"featured_media":0,"parent":0,"menu_order":0,"comment_status":"closed","ping_status":"closed","template":"","meta":{"footnotes":""},"class_list":["post-1618","page","type-page","status-publish","hentry"],"_links":{"self":[{"href":"https:\/\/positive-records.de\/cms\/wp-json\/wp\/v2\/pages\/1618","targetHints":{"allow":["GET"]}}],"collection":[{"href":"https:\/\/positive-records.de\/cms\/wp-json\/wp\/v2\/pages"}],"about":[{"href":"https:\/\/positive-records.de\/cms\/wp-json\/wp\/v2\/types\/page"}],"author":[{"embeddable":true,"href":"https:\/\/positive-records.de\/cms\/wp-json\/wp\/v2\/users\/2"}],"replies":[{"embeddable":true,"href":"https:\/\/positive-records.de\/cms\/wp-json\/wp\/v2\/comments?post=1618"}],"version-history":[{"count":91,"href":"https:\/\/positive-records.de\/cms\/wp-json\/wp\/v2\/pages\/1618\/revisions"}],"predecessor-version":[{"id":6799,"href":"https:\/\/positive-records.de\/cms\/wp-json\/wp\/v2\/pages\/1618\/revisions\/6799"}],"wp:attachment":[{"href":"https:\/\/positive-records.de\/cms\/wp-json\/wp\/v2\/media?parent=1618"}],"curies":[{"name":"wp","href":"https:\/\/api.w.org\/{rel}","templated":true}]}}